{"id":80,"date":"2018-07-11T01:49:23","date_gmt":"2018-07-11T01:49:23","guid":{"rendered":"http:\/\/expertoscnc.com\/?post_type=product&#038;p=80"},"modified":"2018-11-21T15:43:42","modified_gmt":"2018-11-21T20:43:42","slug":"motor-husillo-spindle-2-2kw-24-000-rpm","status":"publish","type":"product","link":"https:\/\/expertoscnc.com\/?product=motor-husillo-spindle-2-2kw-24-000-rpm","title":{"rendered":"Motor Spindle (husillo) Ruteadora Cnc 2.2kw, Er20, 24.000rpm"},"content":{"rendered":"<p>Motor spindle (husillo) para ruteadora CNC. <\/p>\n<p>PRODUCTO DE IMPORTACI\u00d3N, TIEMPO DE ENTREGA DE 8 A 10 D\u00cdAS H\u00c1BILES<\/p>\n<p>Motor spindle dise\u00f1ado para m\u00e1quinas ruteadoras CNC que procesan materiales tales como madera, acr\u00edlico, baquelita, etc. Tambi\u00e9n funcional para trabajar desbastes no tan exigentes con metales blandos como aluminio, cobre, bronce, etc. Su sistema de refrigeraci\u00f3n por l\u00edquido, garantiza que puede trabajar de manera continua sin necesidad de paradas de enfriamiento. Es recomendable garantizar que el sistema de refrigeraci\u00f3n mantenga al motor alrededor de los 25\u00baC. Su colector ER20 permite montar herramientas con di\u00e1metros desde 2mm hasta 13mm.<\/p>\n<p>Ofrecemos como servicio opcional, asesor\u00eda para montaje y parametrizaci\u00f3n del variador de frecuencia.<\/p>\n<p>Especificaciones t\u00e9cnicas:<br \/>\nRefrigeraci\u00f3n: por l\u00edquido<br \/>\nPotencia: 2.2kW<br \/>\nFrecuencia: 400Hz<br \/>\nVelocidad: 24.000rpm<br \/>\nDi\u00e1metro: 80mm<br \/>\nLongitud: 213mm<br \/>\nTama\u00f1o colector (portapinzas): ER20<br \/>\nTuerca: ER20-A<br \/>\nVoltaje: 220V<\/p>\n","protected":false},"excerpt":{"rendered":"<p>Motor spindle (husillo) para ruteadora CNC. PRODUCTO DE IMPORTACI\u00d3N, TIEMPO DE ENTREGA DE 8 A 10 D\u00cdAS H\u00c1BILES Motor spindle dise\u00f1ado para m\u00e1quinas ruteadoras CNC que procesan materiales tales como madera, acr\u00edlico, baquelita, etc. Tambi\u00e9n funcional para trabajar desbastes no tan exigentes con metales blandos como aluminio, cobre, bronce, etc. Su sistema de refrigeraci\u00f3n por <a href=\"https:\/\/expertoscnc.com\/?product=motor-husillo-spindle-2-2kw-24-000-rpm\" rel=\"nofollow\"><span class=\"sr-only\">Read more about Motor Spindle (husillo) Ruteadora Cnc 2.2kw, Er20, 24.000rpm<\/span>[&hellip;]<\/a><\/p>\n","protected":false},"featured_media":207,"template":"","meta":[],"product_brand":[],"product_cat":[16],"product_tag":[],"class_list":{"0":"post-80","1":"product","2":"type-product","3":"status-publish","4":"has-post-thumbnail","6":"product_cat-motores","8":"first","9":"instock","10":"shipping-taxable","11":"purchasable","12":"product-type-simple"},"_links":{"self":[{"href":"https:\/\/expertoscnc.com\/index.php?rest_route=\/wp\/v2\/product\/80","targetHints":{"allow":["GET"]}}],"collection":[{"href":"https:\/\/expertoscnc.com\/index.php?rest_route=\/wp\/v2\/product"}],"about":[{"href":"https:\/\/expertoscnc.com\/index.php?rest_route=\/wp\/v2\/types\/product"}],"wp:featuredmedia":[{"embeddable":true,"href":"https:\/\/expertoscnc.com\/index.php?rest_route=\/wp\/v2\/media\/207"}],"wp:attachment":[{"href":"https:\/\/expertoscnc.com\/index.php?rest_route=%2Fwp%2Fv2%2Fmedia&parent=80"}],"wp:term":[{"taxonomy":"product_brand","embeddable":true,"href":"https:\/\/expertoscnc.com\/index.php?rest_route=%2Fwp%2Fv2%2Fproduct_brand&post=80"},{"taxonomy":"product_cat","embeddable":true,"href":"https:\/\/expertoscnc.com\/index.php?rest_route=%2Fwp%2Fv2%2Fproduct_cat&post=80"},{"taxonomy":"product_tag","embeddable":true,"href":"https:\/\/expertoscnc.com\/index.php?rest_route=%2Fwp%2Fv2%2Fproduct_tag&post=80"}],"curies":[{"name":"wp","href":"https:\/\/api.w.org\/{rel}","templated":true}]}}